{"id":79031,"date":"2021-11-16T21:20:38","date_gmt":"2021-11-16T20:20:38","guid":{"rendered":"http:\/\/amandinelaboulais.com\/?page_id=79031"},"modified":"2025-07-08T15:01:28","modified_gmt":"2025-07-08T13:01:28","slug":"accueil","status":"publish","type":"page","link":"https:\/\/amandinelaboulais.com\/","title":{"rendered":"Accueil"},"content":{"rendered":"<p>[vc_row row_height_percent=\u00a0\u00bb0&Prime; overlay_alpha=\u00a0\u00bb50&Prime; gutter_size=\u00a0\u00bb3&Prime; column_width_percent=\u00a0\u00bb100&Prime; shift_y=\u00a0\u00bb0&Prime; z_index=\u00a0\u00bb0&Prime; css=\u00a0\u00bb.vc_custom_1637448146837{padding-top: 16px !important;}\u00a0\u00bb][vc_column width=\u00a0\u00bb1\/1&Prime;][vc_row_inner][vc_column_inner width=\u00a0\u00bb1\/2&Prime;][vc_custom_heading heading_semantic=\u00a0\u00bbh1&Prime; text_size=\u00a0\u00bbh1&Prime; uncode_shortcode_id=\u00a0\u00bb115656&Prime;]<\/p>\n<div class=\"alsubtitle\">Amandine Laboulais<\/div>\n<p>Directrice Artistique<br \/>\n<span class=\"titre-italique\">UX\/UI Designer<\/span>[\/vc_custom_heading][vc_column_text uncode_shortcode_id=\u00a0\u00bb109265&Prime;]Forte de 8 ans d&rsquo;exp\u00e9rience en design graphique, j&rsquo;allie ma cr\u00e9ativit\u00e9 et mon esprit d&rsquo;analyse pour concevoir des interfaces digitales cr\u00e9atives, sur-mesure, mais surtout intuitives et adapt\u00e9es aux besoins des utilisateurs.<\/p>\n<p>Certifi\u00e9e en \u00e9co-conception de services num\u00e9riques, le design responsable est pour moi une n\u00e9cessit\u00e9. J&rsquo;ai \u00e0 coeur de cr\u00e9er des interfaces \u00e9co-con\u00e7ues, plus accessibles et plus \u00e9thiques.[\/vc_column_text][vc_separator sep_color=\u00a0\u00bbaccent\u00a0\u00bb el_width=\u00a0\u00bb90px\u00a0\u00bb el_height=\u00a0\u00bb2px\u00a0\u00bb][vc_column_text uncode_shortcode_id=\u00a0\u00bb197127&Prime;]Mon parcours : <a href=\"https:\/\/www.linkedin.com\/in\/amandine-laboulais\/\" target=\"_blank\" rel=\"noopener noreferrer\">LinkedIn<\/a><br \/>\nMon portfolio : <a href=\"https:\/\/amandinelaboulais.com\/wp-content\/uploads\/2025\/07\/Portfolio-Amandine-Laboulais-2025.pdf\" target=\"_blank\" rel=\"noopener\">Book en PDF<\/a> ou sur\u00a0<a href=\"\/\/www.behance.net\/amandine-laboulais\" target=\"_blank\" rel=\"noopener noreferrer\">Behance<\/a>[\/vc_column_text][\/vc_column_inner][vc_column_inner column_width_percent=\u00a0\u00bb100&Prime; position_vertical=\u00a0\u00bbmiddle\u00a0\u00bb gutter_size=\u00a0\u00bb3&Prime; overlay_alpha=\u00a0\u00bb50&Prime; shift_x=\u00a0\u00bb0&Prime; shift_y=\u00a0\u00bb0&Prime; shift_y_down=\u00a0\u00bb0&Prime; z_index=\u00a0\u00bb0&Prime; medium_width=\u00a0\u00bb0&Prime; mobile_width=\u00a0\u00bb0&Prime; width=\u00a0\u00bb1\/2&Prime;][vc_single_image media=\u00a0\u00bb79181&Prime; media_width_percent=\u00a0\u00bb70&Prime; alignment=\u00a0\u00bbcenter\u00a0\u00bb][\/vc_column_inner][\/vc_row_inner][vc_empty_space][\/vc_column][\/vc_row][vc_row row_height_percent=\u00a0\u00bb0&Prime; back_color=\u00a0\u00bbcolor-778286&Prime; overlay_alpha=\u00a0\u00bb50&Prime; gutter_size=\u00a0\u00bb3&Prime; column_width_percent=\u00a0\u00bb100&Prime; shift_y=\u00a0\u00bb0&Prime; z_index=\u00a0\u00bb0&Prime; css=\u00a0\u00bb.vc_custom_1637097518323{padding-top: 50px !important;}\u00a0\u00bb][vc_column width=\u00a0\u00bb1\/1&Prime;][vc_row_inner][vc_column_inner width=\u00a0\u00bb1\/2&Prime;][vc_custom_heading]<\/p>\n<div class=\"alsubtitle\">Mes comp\u00e9tences<\/div>\n<p>Relever<br \/>\n<span class=\"titre-italique\">les d\u00e9fis<\/span>[\/vc_custom_heading][\/vc_column_inner][vc_column_inner column_width_percent=\u00a0\u00bb100&Prime; position_vertical=\u00a0\u00bbbottom\u00a0\u00bb gutter_size=\u00a0\u00bb3&Prime; overlay_alpha=\u00a0\u00bb50&Prime; shift_x=\u00a0\u00bb0&Prime; shift_y=\u00a0\u00bb0&Prime; shift_y_down=\u00a0\u00bb0&Prime; z_index=\u00a0\u00bb0&Prime; medium_width=\u00a0\u00bb0&Prime; mobile_width=\u00a0\u00bb0&Prime; width=\u00a0\u00bb1\/2&Prime;][vc_column_text]<strong>Garante de la direction artistique sur tous types de supports<\/strong>, j\u2019interviens tout au long des projets : prise de brief, compr\u00e9hension des besoins utilisateurs, co-design, cr\u00e9ation d\u2019identit\u00e9 visuelle, cr\u00e9ation des interfaces, design system, pr\u00e9sentation client&#8230;[\/vc_column_text][\/vc_column_inner][\/vc_row_inner][vc_empty_space empty_h=\u00a0\u00bb2&Prime;][vc_row_inner][vc_column_inner column_width_percent=\u00a0\u00bb100&Prime; gutter_size=\u00a0\u00bb3&Prime; overlay_alpha=\u00a0\u00bb50&Prime; shift_x=\u00a0\u00bb0&Prime; shift_y=\u00a0\u00bb0&Prime; shift_y_down=\u00a0\u00bb0&Prime; z_index=\u00a0\u00bb0&Prime; medium_width=\u00a0\u00bb0&Prime; mobile_width=\u00a0\u00bb0&Prime; width=\u00a0\u00bb1\/4&Prime; uncode_shortcode_id=\u00a0\u00bb108412&Prime;][vc_icon icon_image=\u00a0\u00bb79072&Prime; icon_color=\u00a0\u00bbcolor-jevc\u00a0\u00bb heading_semantic=\u00a0\u00bbh4&Prime; text_font=\u00a0\u00bbfont-132087&Prime; text_size=\u00a0\u00bbh4&Prime; text_weight=\u00a0\u00bb600&Prime; text_reduced=\u00a0\u00bbyes\u00a0\u00bb title=\u00a0\u00bbUI Design\u00a0\u00bb uncode_shortcode_id=\u00a0\u00bb425893&Prime; icon_color_type=\u00a0\u00bbuncode-palette\u00a0\u00bb]<\/p>\n<ul>\n<li>Maquettes graphiques<\/li>\n<li>Design system ; kit UI<\/li>\n<li>Prototypage interactif<\/li>\n<li>Revue d&rsquo;\u00e9crans, suivi int\u00e9gration<\/li>\n<\/ul>\n<p>[\/vc_icon][\/vc_column_inner][vc_column_inner width=\u00a0\u00bb1\/4&Prime;][vc_icon icon_image=\u00a0\u00bb79064&Prime; icon_color=\u00a0\u00bbcolor-jevc\u00a0\u00bb heading_semantic=\u00a0\u00bbh4&Prime; text_font=\u00a0\u00bbfont-132087&Prime; text_size=\u00a0\u00bbh4&Prime; text_weight=\u00a0\u00bb600&Prime; text_reduced=\u00a0\u00bbyes\u00a0\u00bb title=\u00a0\u00bbUX Design\u00a0\u00bb uncode_shortcode_id=\u00a0\u00bb190241&Prime; icon_color_type=\u00a0\u00bbuncode-palette\u00a0\u00bb]<\/p>\n<ul>\n<li>Analyse du besoin<\/li>\n<li>Animation d\u2019ateliers utilisateurs, co-conception<\/li>\n<li>Architecture de l\u2019information<\/li>\n<li>Parcours utilisateur<\/li>\n<li>Wireframes<\/li>\n<li>Tests utilisateurs<\/li>\n<\/ul>\n<p>[\/vc_icon][\/vc_column_inner][vc_column_inner column_width_percent=\u00a0\u00bb100&Prime; position_horizontal=\u00a0\u00bbleft\u00a0\u00bb gutter_size=\u00a0\u00bb1&Prime; override_padding=\u00a0\u00bbyes\u00a0\u00bb column_padding=\u00a0\u00bb0&Prime; overlay_alpha=\u00a0\u00bb50&Prime; shift_x=\u00a0\u00bb0&Prime; shift_y=\u00a0\u00bb0&Prime; shift_y_down=\u00a0\u00bb0&Prime; z_index=\u00a0\u00bb0&Prime; medium_width=\u00a0\u00bb0&Prime; mobile_width=\u00a0\u00bb0&Prime; width=\u00a0\u00bb1\/4&Prime; css=\u00a0\u00bb.vc_custom_1637454632064{padding-right: 0px !important;padding-left: 0px !important;}\u00a0\u00bb][vc_icon icon_image=\u00a0\u00bb79069&Prime; icon_color=\u00a0\u00bbcolor-jevc\u00a0\u00bb heading_semantic=\u00a0\u00bbh4&Prime; text_font=\u00a0\u00bbfont-132087&Prime; text_size=\u00a0\u00bbh4&Prime; text_weight=\u00a0\u00bb600&Prime; text_reduced=\u00a0\u00bbyes\u00a0\u00bb title=\u00a0\u00bbIdentit\u00e9 visuelle\u00a0\u00bb uncode_shortcode_id=\u00a0\u00bb354840&Prime; icon_color_type=\u00a0\u00bbuncode-palette\u00a0\u00bb]<\/p>\n<ul>\n<li>Cr\u00e9ation d&rsquo;univers graphique<\/li>\n<li>Branding<\/li>\n<li>Charte graphique<\/li>\n<li>Direction artistique<\/li>\n<\/ul>\n<p>[\/vc_icon][\/vc_column_inner][vc_column_inner column_width_percent=\u00a0\u00bb100&Prime; gutter_size=\u00a0\u00bb2&Prime; overlay_alpha=\u00a0\u00bb50&Prime; shift_x=\u00a0\u00bb0&Prime; shift_y=\u00a0\u00bb0&Prime; shift_y_down=\u00a0\u00bb0&Prime; z_index=\u00a0\u00bb0&Prime; medium_width=\u00a0\u00bb0&Prime; mobile_width=\u00a0\u00bb0&Prime; width=\u00a0\u00bb1\/4&Prime;][vc_icon icon_image=\u00a0\u00bb103257&Prime; icon_color=\u00a0\u00bbcolor-jevc\u00a0\u00bb heading_semantic=\u00a0\u00bbh4&Prime; text_font=\u00a0\u00bbfont-132087&Prime; text_size=\u00a0\u00bbh4&Prime; text_weight=\u00a0\u00bb600&Prime; text_reduced=\u00a0\u00bbyes\u00a0\u00bb title=\u00a0\u00bbConseil UX\/UI\u00a0\u00bb uncode_shortcode_id=\u00a0\u00bb174304&Prime; icon_color_type=\u00a0\u00bbuncode-palette\u00a0\u00bb]<\/p>\n<ul>\n<li>Audit<\/li>\n<li>Recommandations<\/li>\n<li>Accompagnement<\/li>\n<\/ul>\n<p>[\/vc_icon][\/vc_column_inner][\/vc_row_inner][vc_empty_space empty_h=\u00a0\u00bb1&Prime;][vc_column_text css=\u00a0\u00bb.vc_custom_1637098993877{margin-bottom: 0px !important;padding-bottom: 0px !important;}\u00a0\u00bb]Mais aussi :[\/vc_column_text][vc_separator sep_color=\u00a0\u00bb,Default\u00a0\u00bb el_class=\u00a0\u00bbdivider-nospace\u00a0\u00bb][vc_row_inner row_inner_height_percent=\u00a0\u00bb0&Prime; overlay_alpha=\u00a0\u00bb50&Prime; gutter_size=\u00a0\u00bb3&Prime; shift_y=\u00a0\u00bb0&Prime; z_index=\u00a0\u00bb0&Prime; css=\u00a0\u00bb.vc_custom_1637098789976{margin-top: 20px !important;}\u00a0\u00bb][vc_column_inner column_width_percent=\u00a0\u00bb100&Prime; gutter_size=\u00a0\u00bb2&Prime; overlay_alpha=\u00a0\u00bb50&Prime; shift_x=\u00a0\u00bb0&Prime; shift_y=\u00a0\u00bb0&Prime; shift_y_down=\u00a0\u00bb0&Prime; z_index=\u00a0\u00bb0&Prime; medium_width=\u00a0\u00bb0&Prime; mobile_width=\u00a0\u00bb0&Prime; width=\u00a0\u00bb1\/4&Prime;][vc_icon position=\u00a0\u00bbleft\u00a0\u00bb space_reduced=\u00a0\u00bbyes\u00a0\u00bb icon_image=\u00a0\u00bb79152&Prime; icon_color=\u00a0\u00bbcolor-jevc\u00a0\u00bb heading_semantic=\u00a0\u00bbp\u00a0\u00bb text_size=\u00a0\u00bbh5&Prime; title=\u00a0\u00bbPrint\u00a0\u00bb uncode_shortcode_id=\u00a0\u00bb173446&Prime; icon_color_type=\u00a0\u00bbuncode-palette\u00a0\u00bb][\/vc_icon][\/vc_column_inner][vc_column_inner column_width_percent=\u00a0\u00bb100&Prime; position_vertical=\u00a0\u00bbmiddle\u00a0\u00bb gutter_size=\u00a0\u00bb1&Prime; overlay_alpha=\u00a0\u00bb50&Prime; shift_x=\u00a0\u00bb0&Prime; shift_y=\u00a0\u00bb0&Prime; shift_y_down=\u00a0\u00bb0&Prime; z_index=\u00a0\u00bb0&Prime; medium_width=\u00a0\u00bb0&Prime; mobile_width=\u00a0\u00bb0&Prime; width=\u00a0\u00bb1\/4&Prime; uncode_shortcode_id=\u00a0\u00bb182750&Prime;][vc_icon position=\u00a0\u00bbleft\u00a0\u00bb space_reduced=\u00a0\u00bbyes\u00a0\u00bb icon_image=\u00a0\u00bb79061&Prime; icon_color=\u00a0\u00bbcolor-jevc\u00a0\u00bb heading_semantic=\u00a0\u00bbp\u00a0\u00bb text_size=\u00a0\u00bbh5&Prime; title=\u00a0\u00bbPhotographie\u00a0\u00bb uncode_shortcode_id=\u00a0\u00bb209947&Prime; icon_color_type=\u00a0\u00bbuncode-palette\u00a0\u00bb][\/vc_icon][\/vc_column_inner][vc_column_inner column_width_percent=\u00a0\u00bb100&Prime; position_vertical=\u00a0\u00bbmiddle\u00a0\u00bb gutter_size=\u00a0\u00bb3&Prime; overlay_alpha=\u00a0\u00bb50&Prime; shift_x=\u00a0\u00bb0&Prime; shift_y=\u00a0\u00bb0&Prime; shift_y_down=\u00a0\u00bb0&Prime; z_index=\u00a0\u00bb0&Prime; medium_width=\u00a0\u00bb0&Prime; mobile_width=\u00a0\u00bb0&Prime; width=\u00a0\u00bb1\/4&Prime; uncode_shortcode_id=\u00a0\u00bb169541&Prime;][vc_icon position=\u00a0\u00bbleft\u00a0\u00bb space_reduced=\u00a0\u00bbyes\u00a0\u00bb icon_image=\u00a0\u00bb79065&Prime; icon_color=\u00a0\u00bbcolor-jevc\u00a0\u00bb heading_semantic=\u00a0\u00bbp\u00a0\u00bb text_size=\u00a0\u00bbh5&Prime; title=\u00a0\u00bbMontage vid\u00e9o &amp; Motion design\u00a0\u00bb uncode_shortcode_id=\u00a0\u00bb213806&Prime; icon_color_type=\u00a0\u00bbuncode-palette\u00a0\u00bb][\/vc_icon][\/vc_column_inner][vc_column_inner width=\u00a0\u00bb1\/4&Prime;][vc_icon position=\u00a0\u00bbleft\u00a0\u00bb space_reduced=\u00a0\u00bbyes\u00a0\u00bb icon_image=\u00a0\u00bb103258&Prime; icon_color=\u00a0\u00bbcolor-jevc\u00a0\u00bb heading_semantic=\u00a0\u00bbp\u00a0\u00bb text_size=\u00a0\u00bbh5&Prime; title=\u00a0\u00bbFormation, sensibilisation\u00a0\u00bb uncode_shortcode_id=\u00a0\u00bb457491&Prime; icon_color_type=\u00a0\u00bbuncode-palette\u00a0\u00bb][\/vc_icon][\/vc_column_inner][\/vc_row_inner][vc_separator sep_color=\u00a0\u00bb,Default\u00a0\u00bb el_class=\u00a0\u00bbdivider-nospace\u00a0\u00bb][vc_empty_space empty_h=\u00a0\u00bb5&Prime;][\/vc_column][\/vc_row][vc_row unlock_row=\u00a0\u00bb\u00a0\u00bb row_height_percent=\u00a0\u00bb0&Prime; override_padding=\u00a0\u00bbyes\u00a0\u00bb h_padding=\u00a0\u00bb3&Prime; top_padding=\u00a0\u00bb2&Prime; bottom_padding=\u00a0\u00bb2&Prime; back_color=\u00a0\u00bbcolor-nhtu\u00a0\u00bb overlay_alpha=\u00a0\u00bb50&Prime; gutter_size=\u00a0\u00bb3&Prime; column_width_percent=\u00a0\u00bb100&Prime; shift_y=\u00a0\u00bb0&Prime; z_index=\u00a0\u00bb0&Prime; css=\u00a0\u00bb.vc_custom_1637620696603{margin-top: -100px !important;}\u00a0\u00bb row_name=\u00a0\u00bbethique\u00a0\u00bb][vc_column column_width_percent=\u00a0\u00bb100&Prime; gutter_size=\u00a0\u00bb3&Prime; overlay_alpha=\u00a0\u00bb50&Prime; shift_x=\u00a0\u00bb0&Prime; shift_y=\u00a0\u00bb0&Prime; shift_y_down=\u00a0\u00bb0&Prime; z_index=\u00a0\u00bb0&Prime; medium_width=\u00a0\u00bb0&Prime; mobile_width=\u00a0\u00bb0&Prime; width=\u00a0\u00bb1\/1&Prime; css=\u00a0\u00bb.vc_custom_1637451207017{padding-top: 30px !important;padding-bottom: 50px !important;}\u00a0\u00bb][vc_custom_heading text_color=\u00a0\u00bbcolor-xsdn\u00a0\u00bb el_class=\u00a0\u00bbtitre-blanc\u00a0\u00bb]Design responsable<br \/>\n<span class=\"titre-italique\">&amp; \u00e9co-conception<\/span>[\/vc_custom_heading][vc_row_inner][vc_column_inner width=\u00a0\u00bb1\/2&Prime;][vc_column_text el_class=\u00a0\u00bbwhite\u00a0\u00bb uncode_shortcode_id=\u00a0\u00bb143132&Prime;]En tant que designer, je ressens la responsabilit\u00e9 de cr\u00e9er des interfaces \u00e9thiques.<\/p>\n<p>Il s&rsquo;agit pour moi \u00e0 la fois de :<br \/>\n&#8211; concevoir des interfaces sobres et \u00e9co-con\u00e7ues pour un num\u00e9rique plus durable et responsable<br \/>\n&#8211; veiller \u00e0 l&rsquo;accessibilit\u00e9 et l&rsquo;inclusivit\u00e9 des interfaces<br \/>\n&#8211; veiller au design de l&rsquo;attention<br \/>\n&#8211; bannir les dark patterns (pratiques con\u00e7ues pour tromper ou manipuler l&rsquo;utilisateur)[\/vc_column_text][\/vc_column_inner][vc_column_inner column_width_percent=\u00a0\u00bb100&Prime; gutter_size=\u00a0\u00bb3&Prime; style=\u00a0\u00bbdark\u00a0\u00bb overlay_alpha=\u00a0\u00bb50&Prime; shift_x=\u00a0\u00bb0&Prime; shift_y=\u00a0\u00bb0&Prime; shift_y_down=\u00a0\u00bb0&Prime; z_index=\u00a0\u00bb0&Prime; medium_width=\u00a0\u00bb0&Prime; mobile_width=\u00a0\u00bb0&Prime; width=\u00a0\u00bb1\/2&Prime;][uncode_list icon=\u00a0\u00bbfa fa-leaf\u00a0\u00bb icon_color=\u00a0\u00bbcolor-xsdn\u00a0\u00bb uncode_shortcode_id=\u00a0\u00bb528579&Prime; icon_color_type=\u00a0\u00bbuncode-palette\u00a0\u00bb]<\/p>\n<ul>\n<li><strong>Je suis certifi\u00e9e en \u00e9co-conception de services num\u00e9riques par GreenIT.<\/strong><\/li>\n<li>J&rsquo;ai particip\u00e9 \u00e0 la Fresque du Num\u00e9rique (que je conseille \u00e0 toutes et \u00e0 tous !)<\/li>\n<li>J&rsquo;ai anim\u00e9 des sensibilisations \u00e0 l&rsquo;\u00e9co-conception au sein d&rsquo;Orange Business Services<\/li>\n<\/ul>\n<p>[\/uncode_list][\/vc_column_inner][\/vc_row_inner][\/vc_column][\/vc_row][vc_row row_height_percent=\u00a0\u00bb0&Prime; overlay_alpha=\u00a0\u00bb50&Prime; gutter_size=\u00a0\u00bb3&Prime; column_width_percent=\u00a0\u00bb100&Prime; shift_y=\u00a0\u00bb0&Prime; z_index=\u00a0\u00bb0&Prime; css=\u00a0\u00bb.vc_custom_1637451063343{margin-top: 50px !important;}\u00a0\u00bb][vc_column width=\u00a0\u00bb1\/1&Prime;][vc_custom_heading]<br \/>\nEntrons<br \/>\n<span class=\"titre-italique\">en contact !<\/span>[\/vc_custom_heading][vc_row_inner][vc_column_inner column_width_percent=\u00a0\u00bb64&Prime; position_horizontal=\u00a0\u00bbleft\u00a0\u00bb gutter_size=\u00a0\u00bb3&Prime; overlay_alpha=\u00a0\u00bb50&Prime; shift_x=\u00a0\u00bb0&Prime; shift_y=\u00a0\u00bb0&Prime; shift_y_down=\u00a0\u00bb0&Prime; z_index=\u00a0\u00bb0&Prime; medium_width=\u00a0\u00bb0&Prime; mobile_width=\u00a0\u00bb0&Prime; width=\u00a0\u00bb1\/1&Prime;][vc_column_text uncode_shortcode_id=\u00a0\u00bb202101&Prime;]Envie d&rsquo;\u00e9changer sur le design responsable autour d&rsquo;un caf\u00e9 ? D&rsquo;imaginer de futures opportunit\u00e9s ou simplement de se rencontrer ?<br \/>\nN&rsquo;h\u00e9sitez pas \u00e0 me contacter via <a href=\"https:\/\/www.linkedin.com\/in\/amandine-laboulais\/\">Linkedin<\/a> :)[\/vc_column_text][vc_empty_space empty_h=\u00a0\u00bb2&Prime;][\/vc_column_inner][\/vc_row_inner][\/vc_column][\/vc_row]<\/p>\n","protected":false},"excerpt":{"rendered":"<p>[vc_row row_height_percent=\u00a0\u00bb0&Prime; overlay_alpha=\u00a0\u00bb50&Prime; gutter_size=\u00a0\u00bb3&Prime; column_width_percent=\u00a0\u00bb100&Prime; shift_y=\u00a0\u00bb0&Prime; z_index=\u00a0\u00bb0&Prime; css=\u00a0\u00bb.vc_custom_1637448146837{padding-top: 16px !important;}\u00a0\u00bb][vc_column width=\u00a0\u00bb1\/1&Prime;][vc_row_inner][vc_column_inner width=\u00a0\u00bb1\/2&Prime;][vc_custom_heading heading_semantic=\u00a0\u00bbh1&Prime; text_size=\u00a0\u00bbh1&Prime; uncode_shortcode_id=\u00a0\u00bb115656&Prime;] Amandine Laboulais Directrice Artistique UX\/UI [&hellip;]<\/p>\n","protected":false},"author":1,"featured_media":0,"parent":0,"menu_order":0,"comment_status":"closed","ping_status":"closed","template":"","meta":[],"_links":{"self":[{"href":"https:\/\/amandinelaboulais.com\/index.php\/wp-json\/wp\/v2\/pages\/79031"}],"collection":[{"href":"https:\/\/amandinelaboulais.com\/index.php\/wp-json\/wp\/v2\/pages"}],"about":[{"href":"https:\/\/amandinelaboulais.com\/index.php\/wp-json\/wp\/v2\/types\/page"}],"author":[{"embeddable":true,"href":"https:\/\/amandinelaboulais.com\/index.php\/wp-json\/wp\/v2\/users\/1"}],"replies":[{"embeddable":true,"href":"https:\/\/amandinelaboulais.com\/index.php\/wp-json\/wp\/v2\/comments?post=79031"}],"version-history":[{"count":162,"href":"https:\/\/amandinelaboulais.com\/index.php\/wp-json\/wp\/v2\/pages\/79031\/revisions"}],"predecessor-version":[{"id":103280,"href":"https:\/\/amandinelaboulais.com\/index.php\/wp-json\/wp\/v2\/pages\/79031\/revisions\/103280"}],"wp:attachment":[{"href":"https:\/\/amandinelaboulais.com\/index.php\/wp-json\/wp\/v2\/media?parent=79031"}],"curies":[{"name":"wp","href":"https:\/\/api.w.org\/{rel}","templated":true}]}}